{"id":25,"date":"2018-11-13T14:01:57","date_gmt":"2018-11-13T14:01:57","guid":{"rendered":"https:\/\/riista.net\/wordpress\/?page_id=25"},"modified":"2023-05-15T08:42:14","modified_gmt":"2023-05-15T08:42:14","slug":"etusivu","status":"publish","type":"page","link":"https:\/\/riista.net\/wordpress\/etusivu\/","title":{"rendered":"Riista-net sivusto"},"content":{"rendered":"<h1>Riista.net<\/h1>\n<p>riista.net on Terasoft Oy:n yll\u00e4pit\u00e4m\u00e4n\u00e4 sivusto mets\u00e4st\u00e4jille, riistanhoitoyhdistyksille,&nbsp; mets\u00e4stysseuroille ja kalastuksesta kiinnostuneille sek\u00e4 kaikille niille, jotka haluavat informaatiokanavan mets\u00e4n tai veden riistasta ja siihen liittyv\u00e4st\u00e4 toiminnasta. Mukana on my\u00f6s muita luontoon, kalastukseen liittyvi\u00e4 sivuja ja tietoa.&nbsp;Emme halua tiukkoja rajoja eri toimijoiden v\u00e4lille, kun kuitenkin usein samat ihmiset toimivat monessa luontoon liittyv\u00e4ss\u00e4 harrastuksessa.<\/p>\n<p>Sivusto sis\u00e4lt\u00e4\u00e4 linkkej\u00e4 muihin alan sivustoihin sek\u00e4 tietoa alan tapahtumista ja toiminnasta.<\/p>\n","protected":false},"excerpt":{"rendered":"<p>Riista.net riista.net on Terasoft Oy:n yll\u00e4pit\u00e4m\u00e4n\u00e4 sivusto mets\u00e4st\u00e4jille, riistanhoitoyhdistyksille,&nbsp; mets\u00e4stysseuroille ja kalastuksesta kiinnostuneille sek\u00e4 kaikille niille, jotka haluavat informaatiokanavan mets\u00e4n tai veden riistasta ja siihen liittyv\u00e4st\u00e4 toiminnasta. Mukana on my\u00f6s muita luontoon, kalastukseen liittyvi\u00e4 sivuja ja tietoa.&nbsp;Emme halua tiukkoja rajoja eri toimijoiden v\u00e4lille, kun kuitenkin usein samat ihmiset toimivat monessa luontoon liittyv\u00e4ss\u00e4 harrastuksessa. Sivusto sis\u00e4lt\u00e4\u00e4 [&hellip;]<\/p>\n","protected":false},"author":1,"featured_media":24,"parent":0,"menu_order":0,"comment_status":"closed","ping_status":"closed","template":"","meta":{"footnotes":""},"class_list":["post-25","page","type-page","status-publish","has-post-thumbnail","czr-hentry"],"_links":{"self":[{"href":"https:\/\/riista.net\/wordpress\/wp-json\/wp\/v2\/pages\/25","targetHints":{"allow":["GET"]}}],"collection":[{"href":"https:\/\/riista.net\/wordpress\/wp-json\/wp\/v2\/pages"}],"about":[{"href":"https:\/\/riista.net\/wordpress\/wp-json\/wp\/v2\/types\/page"}],"author":[{"embeddable":true,"href":"https:\/\/riista.net\/wordpress\/wp-json\/wp\/v2\/users\/1"}],"replies":[{"embeddable":true,"href":"https:\/\/riista.net\/wordpress\/wp-json\/wp\/v2\/comments?post=25"}],"version-history":[{"count":2,"href":"https:\/\/riista.net\/wordpress\/wp-json\/wp\/v2\/pages\/25\/revisions"}],"predecessor-version":[{"id":171,"href":"https:\/\/riista.net\/wordpress\/wp-json\/wp\/v2\/pages\/25\/revisions\/171"}],"wp:featuredmedia":[{"embeddable":true,"href":"https:\/\/riista.net\/wordpress\/wp-json\/wp\/v2\/media\/24"}],"wp:attachment":[{"href":"https:\/\/riista.net\/wordpress\/wp-json\/wp\/v2\/media?parent=25"}],"curies":[{"name":"wp","href":"https:\/\/api.w.org\/{rel}","templated":true}]}}